{"id":966,"date":"2022-12-06T16:30:41","date_gmt":"2022-12-06T14:30:41","guid":{"rendered":"https:\/\/xn--parallle-60a.be\/mentions-legales\/"},"modified":"2022-12-07T15:33:43","modified_gmt":"2022-12-07T13:33:43","slug":"mentions-legales","status":"publish","type":"page","link":"https:\/\/xn--parallle-60a.be\/nl\/mentions-legales\/","title":{"rendered":"Wettelijk bericht"},"content":{"rendered":"<section class=\"wpb-content-wrapper\"><p>[vc_row][vc_column][vc_column_text]La consultation du site web <a href=\"https:\/\/www.parallele.be\">www.parallele.be<\/a> ci apr\u00e8s d\u00e9nomm\u00e9 \u00ab Le Site \u00bb, \u00ab le site \u00bb ou \u00ab le site web \u00bb suppose l\u2019acceptation sans r\u00e9serves des pr\u00e9sentes conditions d\u2019utilisation.<\/p>\n<h2>1) \u00c9diteur du site<\/h2>\n<p><strong>PARALLELE B.V.B.A.-S.P.R.L.<\/strong><br \/>\nJ. Van Elewijckstraat 52<br \/>\nB 1853 Strombeek-Bever<br \/>\nBE 0414.885.331<br \/>\nTel. +32 2 267 99 55<\/p>\n<h2>2) Cr\u00e9dits<\/h2>\n<p><strong>Conception<\/strong> :<br \/>\nSARL CR\u00c9ATIVE ALTITUDE<br \/>\n<a href=\"https:\/\/www.creative-altitude.com\">www.creative-altitude.com<\/a><br \/>\n+33 479 081 800<\/p>\n<p><strong>Coordonn\u00e9es de l\u2019h\u00e9bergeur :<br \/>\n<\/strong>Maehdros SA<br \/>\nRue Jules Stiernet 88, 4252 Geer,<br \/>\nBelgique<\/p>\n<p>Cr\u00e9dits Photos :<br \/>\n\u00a9 PARALLELE B.V.B.A.-S.P.R.L<br \/>\n\u00a9 Shutterstock<\/p>\n<h2>3) Droits d\u2019auteur<\/h2>\n<p>L\u2019ensemble des \u00e9l\u00e9ments constituant le site (textes, graphismes, logiciels, photographies, images, vid\u00e9os, sons, plans, noms, logos, marques, cr\u00e9ations et \u0153uvres prot\u00e9geables diverses, bases de donn\u00e9es, etc\u2026) ainsi que le site lui-m\u00eame, rel\u00e8vent des l\u00e9gislations fran\u00e7aises et internationales sur le droit d\u2019auteur et la propri\u00e9t\u00e9 intellectuelle.<\/p>\n<p>Ces \u00e9l\u00e9ments sont la propri\u00e9t\u00e9 exclusive de l\u2019\u00e9diteur du site hormis les \u00e9l\u00e9ments r\u00e9alis\u00e9s par des intervenants ext\u00e9rieurs n\u2019ayant pas c\u00e9d\u00e9 leurs droits d\u2019auteurs ou leurs droits voisins. De plus il est respect\u00e9 les articles Article L 122-4. du Code de la Propri\u00e9t\u00e9 Intellectuelle Article L122-5. du Code de la Propri\u00e9t\u00e9 Intellectuelle<\/p>\n<h2>4) Responsabilit\u00e9s<\/h2>\n<p>L\u2019\u00e9diteur du Site d\u00e9cline toute responsabilit\u00e9 :<br \/>\n\u2022 En cas d\u2019interruption du site pour des op\u00e9rations de maintenance techniques ou d\u2019actualisation des informations publi\u00e9es<br \/>\n\u2022 En cas d\u2019impossibilit\u00e9 momentan\u00e9e d\u2019acc\u00e8s au site (et\/ou aux sites lui \u00e9tant li\u00e9s) en raison de probl\u00e8mes techniques et ce, quelles qu\u2019en soient l\u2019origine et la provenance<br \/>\n\u2022 En cas de dommages directs ou indirects caus\u00e9s \u00e0 l\u2019utilisateur, quelle qu\u2019en soit la nature, r\u00e9sultant du contenu, de l\u2019acc\u00e8s, ou de l\u2019utilisation du site (et\/ou des sites qui lui sont li\u00e9s)<br \/>\n\u2022 En cas d\u2019utilisation anormale ou d\u2019une exploitation illicite du site. L\u2019utilisateur du site est alors seul responsable des dommages caus\u00e9s aux tiers et des cons\u00e9quences des r\u00e9clamations ou actions qui pourrait en d\u00e9couler. L\u2019utilisateur renonce \u00e9galement \u00e0 exercer tout recours contre l\u2019\u00e9diteur du site dans le cas de poursuites diligent\u00e9es par un tiers \u00e0 son encontre du fait de l\u2019utilisation et\/ou de l\u2019exploitation illicite du site.<\/p>\n<h2>5) Liens hypertextes<\/h2>\n<p>Le site peut contenir des liens hypertextes vers des sites exploit\u00e9s par des tiers. Ces liens sont fournis \u00e0 simple titre d\u2019information. L\u2019\u00e9diteur n\u2019exerce aucun contr\u00f4le sur ces sites et d\u00e9cline toute responsabilit\u00e9 quant \u00e0 l\u2019acc\u00e8s, au contenu ou \u00e0 l\u2019utilisation de ces sites, ainsi qu\u2019aux dommages pouvant r\u00e9sulter de la consultation des informations pr\u00e9sentes sur ces sites. La d\u00e9cision d\u2019activer ces liens rel\u00e8ve de la pleine et enti\u00e8re responsabilit\u00e9 de l\u2019internaute. La mise en place de liens hypertextes d\u2019un site tiers vers le site de l\u2019\u00e9diteur n\u00e9cessite l\u2019accord pr\u00e9alable de l\u2019\u00e9diteur.<\/p>\n<h2>6) Modifications des mentions l\u00e9gales<\/h2>\n<p>L\u2019\u00e9diteur se r\u00e9serve le droit de modifier, librement et \u00e0 tout moment, les mentions l\u00e9gales du site.<br \/>\nChaque internaute se connectant au site est invit\u00e9 \u00e0 consulter r\u00e9guli\u00e8rement les pr\u00e9sentes mentions l\u00e9gales afin de prendre connaissance de changements \u00e9ventuels. L\u2019utilisation renouvel\u00e9e du site au fur et \u00e0 mesure de la modification de ces conditions d\u2019utilisation constitue l\u2019acceptation, par chaque utilisateur, des mentions l\u00e9gales en vigueur.<\/p>\n<h2>7) Attribution de la juridiction \u2013 Loi applicable<\/h2>\n<p>Les pr\u00e9sentes mentions l\u00e9gales sont soumises au droit fran\u00e7ais, qui d\u00e9termine, au cas par cas, la loi applicable. En l\u2019absence de toute disposition imp\u00e9rative contraire ou en pr\u00e9sence d\u2019un choix dans la d\u00e9termination de la loi applicable, la loi fran\u00e7aise sera appliqu\u00e9e.<\/p>\n<h2>8) Remerciements &amp; cr\u00e9dits photos<\/h2>\n<p>Remerciements aux propri\u00e9taires des biens photographi\u00e9s.<br \/>\nCe site respecte le droit d\u2019auteur. Tous les droits des auteurs des \u0153uvres prot\u00e9g\u00e9es reproduites et communiqu\u00e9es sur ce site, sont r\u00e9serv\u00e9s. Sauf autorisation, toute utilisation des \u0153uvres autres que la reproduction et la consultation individuelles priv\u00e9es sont interdites. Photos non contractuelles.[\/vc_column_text][vc_empty_space][\/vc_column][\/vc_row]<\/p>\n<\/section>","protected":false},"excerpt":{"rendered":"<p>[vc_row][vc_column][vc_column_text]La consultation du site web www.parallele.be ci apr\u00e8s d\u00e9nomm\u00e9 \u00ab Le Site \u00bb, \u00ab le site \u00bb ou \u00ab le site web \u00bb suppose l\u2019acceptation sans r\u00e9serves des pr\u00e9sentes conditions d\u2019utilisation. 1) \u00c9diteur du site PARALLELE B.V.B.A.-S.P.R.L. J. Van Elewijckstraat 52 B 1853 Strombeek-Bever BE 0414.885.331 Tel. +32 2 267 99 55 2) Cr\u00e9dits Conception [&hellip;]<\/p>\n","protected":false},"author":1,"featured_media":0,"parent":0,"menu_order":0,"comment_status":"closed","ping_status":"closed","template":"","meta":{"footnotes":""},"class_list":["post-966","page","type-page","status-publish","hentry"],"acf":[],"yoast_head":"<!-- This site is optimized with the Yoast SEO plugin v19.11 - https:\/\/yoast.com\/wordpress\/plugins\/seo\/ -->\n<title>Wettelijk bericht - \/\/ parallele.be<\/title>\n<meta name=\"robots\" content=\"index, follow, max-snippet:-1, max-image-preview:large, max-video-preview:-1\" \/>\n<link rel=\"canonical\" href=\"https:\/\/xn--parallle-60a.be\/nl\/mentions-legales\/\" \/>\n<meta property=\"og:locale\" content=\"nl_NL\" \/>\n<meta property=\"og:type\" content=\"article\" \/>\n<meta property=\"og:title\" content=\"Wettelijk bericht - \/\/ parallele.be\" \/>\n<meta property=\"og:description\" content=\"[vc_row][vc_column][vc_column_text]La consultation du site web www.parallele.be ci apr\u00e8s d\u00e9nomm\u00e9 \u00ab Le Site \u00bb, \u00ab le site \u00bb ou \u00ab le site web \u00bb suppose l\u2019acceptation sans r\u00e9serves des pr\u00e9sentes conditions d\u2019utilisation. 1) \u00c9diteur du site PARALLELE B.V.B.A.-S.P.R.L. J. Van Elewijckstraat 52 B 1853 Strombeek-Bever BE 0414.885.331 Tel. +32 2 267 99 55 2) Cr\u00e9dits Conception [&hellip;]\" \/>\n<meta property=\"og:url\" content=\"https:\/\/xn--parallle-60a.be\/nl\/mentions-legales\/\" \/>\n<meta property=\"og:site_name\" content=\"\/\/ parallele.be\" \/>\n<meta property=\"article:publisher\" content=\"https:\/\/www.facebook.com\/parallelebenelux\" \/>\n<meta property=\"article:modified_time\" content=\"2022-12-07T13:33:43+00:00\" \/>\n<meta name=\"twitter:card\" content=\"summary_large_image\" \/>\n<meta name=\"twitter:label1\" content=\"Geschatte leestijd\" \/>\n\t<meta name=\"twitter:data1\" content=\"4 minuten\" \/>\n<script type=\"application\/ld+json\" class=\"yoast-schema-graph\">{\"@context\":\"https:\/\/schema.org\",\"@graph\":[{\"@type\":\"WebPage\",\"@id\":\"https:\/\/xn--parallle-60a.be\/nl\/mentions-legales\/\",\"url\":\"https:\/\/xn--parallle-60a.be\/nl\/mentions-legales\/\",\"name\":\"Wettelijk bericht - \/\/ parallele.be\",\"isPartOf\":{\"@id\":\"https:\/\/xn--parallle-60a.be\/#website\"},\"datePublished\":\"2022-12-06T14:30:41+00:00\",\"dateModified\":\"2022-12-07T13:33:43+00:00\",\"breadcrumb\":{\"@id\":\"https:\/\/xn--parallle-60a.be\/nl\/mentions-legales\/#breadcrumb\"},\"inLanguage\":\"nl-NL\",\"potentialAction\":[{\"@type\":\"ReadAction\",\"target\":[\"https:\/\/xn--parallle-60a.be\/nl\/mentions-legales\/\"]}]},{\"@type\":\"BreadcrumbList\",\"@id\":\"https:\/\/xn--parallle-60a.be\/nl\/mentions-legales\/#breadcrumb\",\"itemListElement\":[{\"@type\":\"ListItem\",\"position\":1,\"name\":\"Accueil\",\"item\":\"https:\/\/xn--parallle-60a.be\/nl\/\"},{\"@type\":\"ListItem\",\"position\":2,\"name\":\"Wettelijk bericht\"}]},{\"@type\":\"WebSite\",\"@id\":\"https:\/\/xn--parallle-60a.be\/#website\",\"url\":\"https:\/\/xn--parallle-60a.be\/\",\"name\":\"\/\/ parallele.be\",\"description\":\"Agence de pr\u00eat \u00e0 porter BeNeLux\",\"publisher\":{\"@id\":\"https:\/\/xn--parallle-60a.be\/#organization\"},\"potentialAction\":[{\"@type\":\"SearchAction\",\"target\":{\"@type\":\"EntryPoint\",\"urlTemplate\":\"https:\/\/xn--parallle-60a.be\/?s={search_term_string}\"},\"query-input\":\"required name=search_term_string\"}],\"inLanguage\":\"nl-NL\"},{\"@type\":\"Organization\",\"@id\":\"https:\/\/xn--parallle-60a.be\/#organization\",\"name\":\"\/\/ parallele.be\",\"url\":\"https:\/\/xn--parallle-60a.be\/\",\"logo\":{\"@type\":\"ImageObject\",\"inLanguage\":\"nl-NL\",\"@id\":\"https:\/\/xn--parallle-60a.be\/#\/schema\/logo\/image\/\",\"url\":\"https:\/\/xn--parallle-60a.be\/wp-content\/uploads\/2022\/11\/cropped-Artboard.png\",\"contentUrl\":\"https:\/\/xn--parallle-60a.be\/wp-content\/uploads\/2022\/11\/cropped-Artboard.png\",\"width\":512,\"height\":512,\"caption\":\"\/\/ parallele.be\"},\"image\":{\"@id\":\"https:\/\/xn--parallle-60a.be\/#\/schema\/logo\/image\/\"},\"sameAs\":[\"https:\/\/www.instagram.com\/paralleleshowroombenelux\/\",\"https:\/\/www.facebook.com\/parallelebenelux\"]}]}<\/script>\n<!-- \/ Yoast SEO plugin. -->","yoast_head_json":{"title":"Wettelijk bericht - \/\/ parallele.be","robots":{"index":"index","follow":"follow","max-snippet":"max-snippet:-1","max-image-preview":"max-image-preview:large","max-video-preview":"max-video-preview:-1"},"canonical":"https:\/\/xn--parallle-60a.be\/nl\/mentions-legales\/","og_locale":"nl_NL","og_type":"article","og_title":"Wettelijk bericht - \/\/ parallele.be","og_description":"[vc_row][vc_column][vc_column_text]La consultation du site web www.parallele.be ci apr\u00e8s d\u00e9nomm\u00e9 \u00ab Le Site \u00bb, \u00ab le site \u00bb ou \u00ab le site web \u00bb suppose l\u2019acceptation sans r\u00e9serves des pr\u00e9sentes conditions d\u2019utilisation. 1) \u00c9diteur du site PARALLELE B.V.B.A.-S.P.R.L. J. Van Elewijckstraat 52 B 1853 Strombeek-Bever BE 0414.885.331 Tel. +32 2 267 99 55 2) Cr\u00e9dits Conception [&hellip;]","og_url":"https:\/\/xn--parallle-60a.be\/nl\/mentions-legales\/","og_site_name":"\/\/ parallele.be","article_publisher":"https:\/\/www.facebook.com\/parallelebenelux","article_modified_time":"2022-12-07T13:33:43+00:00","twitter_card":"summary_large_image","twitter_misc":{"Geschatte leestijd":"4 minuten"},"schema":{"@context":"https:\/\/schema.org","@graph":[{"@type":"WebPage","@id":"https:\/\/xn--parallle-60a.be\/nl\/mentions-legales\/","url":"https:\/\/xn--parallle-60a.be\/nl\/mentions-legales\/","name":"Wettelijk bericht - \/\/ parallele.be","isPartOf":{"@id":"https:\/\/xn--parallle-60a.be\/#website"},"datePublished":"2022-12-06T14:30:41+00:00","dateModified":"2022-12-07T13:33:43+00:00","breadcrumb":{"@id":"https:\/\/xn--parallle-60a.be\/nl\/mentions-legales\/#breadcrumb"},"inLanguage":"nl-NL","potentialAction":[{"@type":"ReadAction","target":["https:\/\/xn--parallle-60a.be\/nl\/mentions-legales\/"]}]},{"@type":"BreadcrumbList","@id":"https:\/\/xn--parallle-60a.be\/nl\/mentions-legales\/#breadcrumb","itemListElement":[{"@type":"ListItem","position":1,"name":"Accueil","item":"https:\/\/xn--parallle-60a.be\/nl\/"},{"@type":"ListItem","position":2,"name":"Wettelijk bericht"}]},{"@type":"WebSite","@id":"https:\/\/xn--parallle-60a.be\/#website","url":"https:\/\/xn--parallle-60a.be\/","name":"\/\/ parallele.be","description":"Agence de pr\u00eat \u00e0 porter BeNeLux","publisher":{"@id":"https:\/\/xn--parallle-60a.be\/#organization"},"potentialAction":[{"@type":"SearchAction","target":{"@type":"EntryPoint","urlTemplate":"https:\/\/xn--parallle-60a.be\/?s={search_term_string}"},"query-input":"required name=search_term_string"}],"inLanguage":"nl-NL"},{"@type":"Organization","@id":"https:\/\/xn--parallle-60a.be\/#organization","name":"\/\/ parallele.be","url":"https:\/\/xn--parallle-60a.be\/","logo":{"@type":"ImageObject","inLanguage":"nl-NL","@id":"https:\/\/xn--parallle-60a.be\/#\/schema\/logo\/image\/","url":"https:\/\/xn--parallle-60a.be\/wp-content\/uploads\/2022\/11\/cropped-Artboard.png","contentUrl":"https:\/\/xn--parallle-60a.be\/wp-content\/uploads\/2022\/11\/cropped-Artboard.png","width":512,"height":512,"caption":"\/\/ parallele.be"},"image":{"@id":"https:\/\/xn--parallle-60a.be\/#\/schema\/logo\/image\/"},"sameAs":["https:\/\/www.instagram.com\/paralleleshowroombenelux\/","https:\/\/www.facebook.com\/parallelebenelux"]}]}},"_links":{"self":[{"href":"https:\/\/xn--parallle-60a.be\/nl\/wp-json\/wp\/v2\/pages\/966","targetHints":{"allow":["GET"]}}],"collection":[{"href":"https:\/\/xn--parallle-60a.be\/nl\/wp-json\/wp\/v2\/pages"}],"about":[{"href":"https:\/\/xn--parallle-60a.be\/nl\/wp-json\/wp\/v2\/types\/page"}],"author":[{"embeddable":true,"href":"https:\/\/xn--parallle-60a.be\/nl\/wp-json\/wp\/v2\/users\/1"}],"replies":[{"embeddable":true,"href":"https:\/\/xn--parallle-60a.be\/nl\/wp-json\/wp\/v2\/comments?post=966"}],"version-history":[{"count":1,"href":"https:\/\/xn--parallle-60a.be\/nl\/wp-json\/wp\/v2\/pages\/966\/revisions"}],"predecessor-version":[{"id":969,"href":"https:\/\/xn--parallle-60a.be\/nl\/wp-json\/wp\/v2\/pages\/966\/revisions\/969"}],"wp:attachment":[{"href":"https:\/\/xn--parallle-60a.be\/nl\/wp-json\/wp\/v2\/media?parent=966"}],"curies":[{"name":"wp","href":"https:\/\/api.w.org\/{rel}","templated":true}]}}